{"id":29574,"date":"2024-02-12T06:16:41","date_gmt":"2024-02-12T05:16:41","guid":{"rendered":"https:\/\/dixlunes.ch\/?page_id=29574"},"modified":"2025-11-10T09:31:24","modified_gmt":"2025-11-10T08:31:24","slug":"radiofrequence-geneve","status":"publish","type":"page","link":"https:\/\/dixlunes.ch\/en\/radiofrequence-geneve\/","title":{"rendered":"Service &#8211; Massage pr\u00e9natal"},"content":{"rendered":"\t\t<div data-elementor-type=\"wp-post\" data-elementor-id=\"29574\" class=\"elementor elementor-29574\" data-elementor-post-type=\"page\">\n\t\t\t\t<div class=\"elementor-element elementor-element-9b2a002 e-con-full e-flex e-con e-parent\" data-id=\"9b2a002\" data-element_type=\"container\" data-e-type=\"container\" data-settings=\"{&quot;jet_parallax_layout_list&quot;:[]}\">\n\t\t<div class=\"elementor-element elementor-element-022aad6 e-con-full e-flex e-con e-child\" data-id=\"022aad6\" data-element_type=\"container\" data-e-type=\"container\" data-settings=\"{&quot;jet_parallax_layout_list&quot;:[]}\">\n\t\t\t\t<div class=\"elementor-element elementor-element-9169ab3 animated-slow elementor-widget__width-initial elementor-widget-tablet__width-inherit elementor-headline--style-highlight elementor-invisible elementor-widget elementor-widget-animated-headline\" data-id=\"9169ab3\" data-element_type=\"widget\" data-e-type=\"widget\" data-settings=\"{&quot;marker&quot;:&quot;curly&quot;,&quot;highlighted_text&quot;:&quot;Radiofr\\u00e9quence&quot;,&quot;_animation&quot;:&quot;fadeIn&quot;,&quot;_animation_delay&quot;:300,&quot;headline_style&quot;:&quot;highlight&quot;,&quot;loop&quot;:&quot;yes&quot;,&quot;highlight_animation_duration&quot;:1200,&quot;highlight_iteration_delay&quot;:8000}\" data-widget_type=\"animated-headline.default\">\n\t\t\t\t<div class=\"elementor-widget-container\">\n\t\t\t\t\t\t\t<h1 class=\"elementor-headline\">\n\t\t\t\t<span class=\"elementor-headline-dynamic-wrapper elementor-headline-text-wrapper\">\n\t\t\t\t\t<span class=\"elementor-headline-dynamic-text elementor-headline-text-active\">Radiofr\u00e9quence<\/span>\n\t\t\t\t<\/span>\n\t\t\t\t\t<span class=\"elementor-headline-plain-text elementor-headline-text-wrapper\">pour soulager les douleurs<\/span>\n\t\t\t\t\t<\/h1>\n\t\t\t\t\t\t<\/div>\n\t\t\t\t<\/div>\n\t\t\t\t<div class=\"elementor-element elementor-element-d5350eb elementor-widget__width-initial animated-slow elementor-widget-tablet__width-inherit elementor-invisible elementor-widget elementor-widget-text-editor\" data-id=\"d5350eb\" data-element_type=\"widget\" data-e-type=\"widget\" data-settings=\"{&quot;_animation&quot;:&quot;fadeIn&quot;,&quot;_animation_delay&quot;:400}\" data-widget_type=\"text-editor.default\">\n\t\t\t\t<div class=\"elementor-widget-container\">\n\t\t\t\t\t\t\t\t\t<p>La radiofr\u00e9quence est une technologie de pointe non invasive destin\u00e9e \u00e0 soutenir la gu\u00e9rison et le bien-\u00eatre. Parfait pour traiter diverses conditions post-partum et gyn\u00e9cologiques, ce soin<span style=\"background-color: var( --e-global-color-5d5a987 );\">\u00a0permet d\u2019acc\u00e9l\u00e9rer les processus d&rsquo;auto-r\u00e9paration biologiques par l&rsquo;activation de la r\u00e9g\u00e9n\u00e9ration cellulaire.\u00a0<\/span><\/p><div><span style=\"color: var( --e-global-color-b563f62 ); background-color: var( --e-global-color-5d5a987 ); font-size: 1rem;\">\u00a0<\/span><\/div>\t\t\t\t\t\t\t\t<\/div>\n\t\t\t\t<\/div>\n\t\t\t\t<div class=\"elementor-element elementor-element-b1d81c9 animated-slow elementor-invisible elementor-widget elementor-widget-button\" data-id=\"b1d81c9\" data-element_type=\"widget\" data-e-type=\"widget\" data-settings=\"{&quot;_animation&quot;:&quot;fadeIn&quot;}\" data-widget_type=\"button.default\">\n\t\t\t\t<div class=\"elementor-widget-container\">\n\t\t\t\t\t\t\t\t\t<div class=\"elementor-button-wrapper\">\n\t\t\t\t\t<a class=\"elementor-button elementor-button-link elementor-size-sm\" href=\"https:\/\/www.onedoc.ch\/fr\/cabinets-de-sages-femmes\/gdiu\/dix-lunes\" target=\"_blank\" rel=\"noopener\">\n\t\t\t\t\t\t<span class=\"elementor-button-content-wrapper\">\n\t\t\t\t\t\t\t\t\t<span class=\"elementor-button-text\">Prendre rendez-vous<\/span>\n\t\t\t\t\t<\/span>\n\t\t\t\t\t<\/a>\n\t\t\t\t<\/div>\n\t\t\t\t\t\t\t\t<\/div>\n\t\t\t\t<\/div>\n\t\t\t\t<\/div>\n\t\t<div class=\"elementor-element elementor-element-db623e8 e-con-full animated-slow e-flex elementor-invisible e-con e-child\" data-id=\"db623e8\" data-element_type=\"container\" data-e-type=\"container\" data-settings=\"{&quot;background_background&quot;:&quot;classic&quot;,&quot;jet_parallax_layout_list&quot;:[],&quot;animation&quot;:&quot;fadeInRight&quot;}\">\n\t\t\t\t<\/div>\n\t\t\t\t<\/div>\n\t\t<div class=\"elementor-element elementor-element-9e701ae e-con-full e-flex e-con e-parent\" data-id=\"9e701ae\" data-element_type=\"container\" data-e-type=\"container\" data-settings=\"{&quot;jet_parallax_layout_list&quot;:[]}\">\n\t\t<div class=\"elementor-element elementor-element-62563df e-con-full e-flex e-con e-child\" data-id=\"62563df\" data-element_type=\"container\" data-e-type=\"container\" data-settings=\"{&quot;jet_parallax_layout_list&quot;:[]}\">\n\t\t\t\t<\/div>\n\t\t<div class=\"elementor-element elementor-element-711fe51 e-con-full e-flex e-con e-child\" data-id=\"711fe51\" data-element_type=\"container\" data-e-type=\"container\" data-settings=\"{&quot;jet_parallax_layout_list&quot;:[]}\">\n\t\t\t\t<div class=\"elementor-element elementor-element-c4d37af elementor-absolute animated-slow elementor-view-default elementor-invisible elementor-widget elementor-widget-icon\" data-id=\"c4d37af\" data-element_type=\"widget\" data-e-type=\"widget\" data-settings=\"{&quot;_position&quot;:&quot;absolute&quot;,&quot;motion_fx_motion_fx_scrolling&quot;:&quot;yes&quot;,&quot;motion_fx_translateY_effect&quot;:&quot;yes&quot;,&quot;motion_fx_translateY_speed&quot;:{&quot;unit&quot;:&quot;px&quot;,&quot;size&quot;:1,&quot;sizes&quot;:[]},&quot;motion_fx_scale_effect&quot;:&quot;yes&quot;,&quot;motion_fx_scale_speed&quot;:{&quot;unit&quot;:&quot;px&quot;,&quot;size&quot;:1,&quot;sizes&quot;:[]},&quot;_animation&quot;:&quot;fadeIn&quot;,&quot;motion_fx_translateY_affectedRange&quot;:{&quot;unit&quot;:&quot;%&quot;,&quot;size&quot;:&quot;&quot;,&quot;sizes&quot;:{&quot;start&quot;:0,&quot;end&quot;:100}},&quot;motion_fx_scale_direction&quot;:&quot;out-in&quot;,&quot;motion_fx_scale_range&quot;:{&quot;unit&quot;:&quot;%&quot;,&quot;size&quot;:&quot;&quot;,&quot;sizes&quot;:{&quot;start&quot;:20,&quot;end&quot;:80}},&quot;motion_fx_devices&quot;:[&quot;desktop&quot;,&quot;tablet&quot;,&quot;mobile&quot;]}\" data-widget_type=\"icon.default\">\n\t\t\t\t<div class=\"elementor-widget-container\">\n\t\t\t\t\t\t\t<div class=\"elementor-icon-wrapper\">\n\t\t\t<div class=\"elementor-icon\">\n\t\t\t<svg xmlns=\"http:\/\/www.w3.org\/2000\/svg\" id=\"Layer_1\" viewBox=\"0 0 75 72.5\"><defs><style>.cls-1{fill:#78aab4;}<\/style><\/defs><path class=\"cls-1\" d=\"M71.83,26.12c.67,2.17,3.97,13.69-2.44,25.07-5.63,10.02-15.09,13.38-20.8,15.42-4.68,1.67-9.67,3.44-15.43,1.94-4.08-1.07-4.25-2.66-12.24-6.55-7.3-3.55-8.16-2.99-10.96-5.34-5.05-4.22-6.63-10.05-7.27-12.37-2.44-8.96,.33-16.5,1.5-19.55,.98-2.56,4.05-10.27,12.06-15.8C25.9,2.27,36.28,3.23,42.25,3.77c4.79,.44,10.59,.97,16.7,4.91,8.73,5.63,11.9,14.24,12.88,17.43Z\"><\/path><\/svg>\t\t\t<\/div>\n\t\t<\/div>\n\t\t\t\t\t\t<\/div>\n\t\t\t\t<\/div>\n\t\t\t\t<\/div>\n\t\t\t\t<\/div>\n\t\t<div class=\"elementor-element elementor-element-33fe7bb e-con-full e-flex e-con e-parent\" data-id=\"33fe7bb\" data-element_type=\"container\" data-e-type=\"container\" data-settings=\"{&quot;background_background&quot;:&quot;classic&quot;,&quot;shape_divider_top&quot;:&quot;curve&quot;,&quot;shape_divider_top_negative&quot;:&quot;yes&quot;,&quot;jet_parallax_layout_list&quot;:[]}\">\n\t\t\t\t<div class=\"elementor-shape elementor-shape-top\" aria-hidden=\"true\" data-negative=\"true\">\n\t\t\t<svg xmlns=\"http:\/\/www.w3.org\/2000\/svg\" viewBox=\"0 0 1000 100\" preserveAspectRatio=\"none\">\n\t<path class=\"elementor-shape-fill\" d=\"M500,97C126.7,96.3,0.8,19.8,0,0v100l1000,0V1C1000,19.4,873.3,97.8,500,97z\"\/>\n<\/svg>\t\t<\/div>\n\t\t<div class=\"elementor-element elementor-element-37fb093 e-con-full e-flex e-con e-child\" data-id=\"37fb093\" data-element_type=\"container\" data-e-type=\"container\" data-settings=\"{&quot;jet_parallax_layout_list&quot;:[],&quot;background_background&quot;:&quot;classic&quot;}\">\n\t\t\t\t<\/div>\n\t\t<div class=\"elementor-element elementor-element-560608a e-con-full e-flex e-con e-child\" data-id=\"560608a\" data-element_type=\"container\" data-e-type=\"container\" data-settings=\"{&quot;jet_parallax_layout_list&quot;:[]}\">\n\t\t\t\t<div class=\"elementor-element elementor-element-9730cce animated-slow elementor-invisible elementor-widget elementor-widget-heading\" data-id=\"9730cce\" data-element_type=\"widget\" data-e-type=\"widget\" data-settings=\"{&quot;_animation&quot;:&quot;fadeIn&quot;,&quot;_animation_delay&quot;:300}\" data-widget_type=\"heading.default\">\n\t\t\t\t<div class=\"elementor-widget-container\">\n\t\t\t\t\t<h2 class=\"elementor-heading-title elementor-size-default\">Fonctionnement et indications de la radiofr\u00e9quence<\/h2>\t\t\t\t<\/div>\n\t\t\t\t<\/div>\n\t\t\t\t<div class=\"elementor-element elementor-element-08c4a01 elementor-invisible elementor-widget elementor-widget-text-editor\" data-id=\"08c4a01\" data-element_type=\"widget\" data-e-type=\"widget\" data-settings=\"{&quot;_animation&quot;:&quot;fadeIn&quot;,&quot;_animation_delay&quot;:400}\" data-widget_type=\"text-editor.default\">\n\t\t\t\t<div class=\"elementor-widget-container\">\n\t\t\t\t\t\t\t\t\t<p>La radiofr\u00e9quence utilise des ondes pour stimuler les processus biologiques d&rsquo;auto-r\u00e9paration du corps. Cette bio-stimulation tissulaire favorise la cicatrisation, r\u00e9duit l&rsquo;inflammation et soulage efficacement la douleur en r\u00e9activant la r\u00e9g\u00e9n\u00e9ration cellulaire au niveau des zones trait\u00e9es.<\/p><p>Ce traitement innovant est particuli\u00e8rement indiqu\u00e9 pour :<\/p><ul><li>Soulager les douleurs et inflammations post-natales<\/li><li>Acc\u00e9l\u00e9rer la cicatrisation des cicatrices de c\u00e9sarienne ou du p\u00e9rin\u00e9e<\/li><li>Traiter les \u0153d\u00e8mes, la constipation et divers probl\u00e8mes gyn\u00e9cologiques<\/li><\/ul>\t\t\t\t\t\t\t\t<\/div>\n\t\t\t\t<\/div>\n\t\t\t\t<div class=\"elementor-element elementor-element-5d3a251 animated-slow elementor-invisible elementor-widget elementor-widget-heading\" data-id=\"5d3a251\" data-element_type=\"widget\" data-e-type=\"widget\" data-settings=\"{&quot;_animation&quot;:&quot;fadeIn&quot;,&quot;_animation_delay&quot;:300}\" data-widget_type=\"heading.default\">\n\t\t\t\t<div class=\"elementor-widget-container\">\n\t\t\t\t\t<h3 class=\"elementor-heading-title elementor-size-default\">Soulagement des tensions<\/h3>\t\t\t\t<\/div>\n\t\t\t\t<\/div>\n\t\t\t\t<div class=\"elementor-element elementor-element-8b7141c elementor-invisible elementor-widget elementor-widget-text-editor\" data-id=\"8b7141c\" data-element_type=\"widget\" data-e-type=\"widget\" data-settings=\"{&quot;_animation&quot;:&quot;fadeIn&quot;,&quot;_animation_delay&quot;:400}\" data-widget_type=\"text-editor.default\">\n\t\t\t\t<div class=\"elementor-widget-container\">\n\t\t\t\t\t\t\t\t\t<p>Les tensions corporelles, souvent accentu\u00e9es par le poids et la position du b\u00e9b\u00e9 en d\u00e9veloppement, trouvent un soulagement gr\u00e2ce \u00e0 des techniques de massage sp\u00e9cifiques. Nos mouvements r\u00e9p\u00e9titifs et d\u00e9licats permettent de rel\u00e2cher ces tensions, offrant une exp\u00e9rience de d\u00e9tente profonde pour la future maman.<\/p>\t\t\t\t\t\t\t\t<\/div>\n\t\t\t\t<\/div>\n\t\t\t\t<\/div>\n\t\t\t\t<\/div>\n\t\t<div class=\"elementor-element elementor-element-bef8fe9 e-con-full e-flex e-con e-parent\" data-id=\"bef8fe9\" data-element_type=\"container\" data-e-type=\"container\" data-settings=\"{&quot;jet_parallax_layout_list&quot;:[]}\">\n\t\t<div class=\"elementor-element elementor-element-ab6dfb3 e-flex e-con-boxed e-con e-child\" data-id=\"ab6dfb3\" data-element_type=\"container\" data-e-type=\"container\" data-settings=\"{&quot;background_background&quot;:&quot;classic&quot;,&quot;jet_parallax_layout_list&quot;:[]}\">\n\t\t\t\t\t<div class=\"e-con-inner\">\n\t\t\t\t<div class=\"elementor-element elementor-element-87b50cd elementor-absolute animated-slow elementor-hidden-mobile elementor-view-default elementor-invisible elementor-widget elementor-widget-icon\" data-id=\"87b50cd\" data-element_type=\"widget\" data-e-type=\"widget\" data-settings=\"{&quot;_position&quot;:&quot;absolute&quot;,&quot;motion_fx_motion_fx_scrolling&quot;:&quot;yes&quot;,&quot;motion_fx_translateY_effect&quot;:&quot;yes&quot;,&quot;motion_fx_translateY_speed&quot;:{&quot;unit&quot;:&quot;px&quot;,&quot;size&quot;:1,&quot;sizes&quot;:[]},&quot;motion_fx_scale_effect&quot;:&quot;yes&quot;,&quot;motion_fx_scale_speed&quot;:{&quot;unit&quot;:&quot;px&quot;,&quot;size&quot;:1,&quot;sizes&quot;:[]},&quot;_animation&quot;:&quot;fadeIn&quot;,&quot;motion_fx_translateY_affectedRange&quot;:{&quot;unit&quot;:&quot;%&quot;,&quot;size&quot;:&quot;&quot;,&quot;sizes&quot;:{&quot;start&quot;:0,&quot;end&quot;:100}},&quot;motion_fx_scale_direction&quot;:&quot;out-in&quot;,&quot;motion_fx_scale_range&quot;:{&quot;unit&quot;:&quot;%&quot;,&quot;size&quot;:&quot;&quot;,&quot;sizes&quot;:{&quot;start&quot;:20,&quot;end&quot;:80}},&quot;motion_fx_devices&quot;:[&quot;desktop&quot;,&quot;tablet&quot;,&quot;mobile&quot;]}\" data-widget_type=\"icon.default\">\n\t\t\t\t<div class=\"elementor-widget-container\">\n\t\t\t\t\t\t\t<div class=\"elementor-icon-wrapper\">\n\t\t\t<div class=\"elementor-icon\">\n\t\t\t<svg xmlns=\"http:\/\/www.w3.org\/2000\/svg\" id=\"Layer_1\" viewBox=\"0 0 75 72.5\"><defs><style>.cls-1{fill:#78aab4;}<\/style><\/defs><path class=\"cls-1\" d=\"M71.83,26.12c.67,2.17,3.97,13.69-2.44,25.07-5.63,10.02-15.09,13.38-20.8,15.42-4.68,1.67-9.67,3.44-15.43,1.94-4.08-1.07-4.25-2.66-12.24-6.55-7.3-3.55-8.16-2.99-10.96-5.34-5.05-4.22-6.63-10.05-7.27-12.37-2.44-8.96,.33-16.5,1.5-19.55,.98-2.56,4.05-10.27,12.06-15.8C25.9,2.27,36.28,3.23,42.25,3.77c4.79,.44,10.59,.97,16.7,4.91,8.73,5.63,11.9,14.24,12.88,17.43Z\"><\/path><\/svg>\t\t\t<\/div>\n\t\t<\/div>\n\t\t\t\t\t\t<\/div>\n\t\t\t\t<\/div>\n\t\t\t\t<div class=\"elementor-element elementor-element-9e0e8d9 elementor-absolute animated-slow elementor-hidden-mobile elementor-view-default elementor-invisible elementor-widget elementor-widget-icon\" data-id=\"9e0e8d9\" data-element_type=\"widget\" data-e-type=\"widget\" data-settings=\"{&quot;_position&quot;:&quot;absolute&quot;,&quot;motion_fx_motion_fx_scrolling&quot;:&quot;yes&quot;,&quot;motion_fx_translateY_effect&quot;:&quot;yes&quot;,&quot;motion_fx_translateY_direction&quot;:&quot;negative&quot;,&quot;motion_fx_translateY_speed&quot;:{&quot;unit&quot;:&quot;px&quot;,&quot;size&quot;:1,&quot;sizes&quot;:[]},&quot;motion_fx_scale_effect&quot;:&quot;yes&quot;,&quot;motion_fx_scale_direction&quot;:&quot;in-out&quot;,&quot;motion_fx_scale_speed&quot;:{&quot;unit&quot;:&quot;px&quot;,&quot;size&quot;:1,&quot;sizes&quot;:[]},&quot;_animation&quot;:&quot;fadeIn&quot;,&quot;motion_fx_translateY_affectedRange&quot;:{&quot;unit&quot;:&quot;%&quot;,&quot;size&quot;:&quot;&quot;,&quot;sizes&quot;:{&quot;start&quot;:0,&quot;end&quot;:100}},&quot;motion_fx_scale_range&quot;:{&quot;unit&quot;:&quot;%&quot;,&quot;size&quot;:&quot;&quot;,&quot;sizes&quot;:{&quot;start&quot;:20,&quot;end&quot;:80}},&quot;motion_fx_devices&quot;:[&quot;desktop&quot;,&quot;tablet&quot;,&quot;mobile&quot;]}\" data-widget_type=\"icon.default\">\n\t\t\t\t<div class=\"elementor-widget-container\">\n\t\t\t\t\t\t\t<div class=\"elementor-icon-wrapper\">\n\t\t\t<div class=\"elementor-icon\">\n\t\t\t<svg xmlns=\"http:\/\/www.w3.org\/2000\/svg\" id=\"Layer_1\" viewBox=\"0 0 75 72.5\"><defs><style>.cls-1{fill:#78aab4;}<\/style><\/defs><path class=\"cls-1\" d=\"M71.83,26.12c.67,2.17,3.97,13.69-2.44,25.07-5.63,10.02-15.09,13.38-20.8,15.42-4.68,1.67-9.67,3.44-15.43,1.94-4.08-1.07-4.25-2.66-12.24-6.55-7.3-3.55-8.16-2.99-10.96-5.34-5.05-4.22-6.63-10.05-7.27-12.37-2.44-8.96,.33-16.5,1.5-19.55,.98-2.56,4.05-10.27,12.06-15.8C25.9,2.27,36.28,3.23,42.25,3.77c4.79,.44,10.59,.97,16.7,4.91,8.73,5.63,11.9,14.24,12.88,17.43Z\"><\/path><\/svg>\t\t\t<\/div>\n\t\t<\/div>\n\t\t\t\t\t\t<\/div>\n\t\t\t\t<\/div>\n\t\t\t\t<div class=\"elementor-element elementor-element-4fb6d1e animated-slow elementor-widget__width-initial elementor-widget-tablet__width-inherit elementor-invisible elementor-widget elementor-widget-heading\" data-id=\"4fb6d1e\" data-element_type=\"widget\" data-e-type=\"widget\" data-settings=\"{&quot;_animation&quot;:&quot;fadeIn&quot;,&quot;_animation_delay&quot;:300}\" data-widget_type=\"heading.default\">\n\t\t\t\t<div class=\"elementor-widget-container\">\n\t\t\t\t\t<h2 class=\"elementor-heading-title elementor-size-default\">R\u00e9servez une s\u00e9ance de radiofr\u00e9quence !<\/h2>\t\t\t\t<\/div>\n\t\t\t\t<\/div>\n\t\t\t\t<div class=\"elementor-element elementor-element-8355738 animated-slow elementor-align-center elementor-invisible elementor-widget elementor-widget-button\" data-id=\"8355738\" data-element_type=\"widget\" data-e-type=\"widget\" data-settings=\"{&quot;_animation&quot;:&quot;fadeIn&quot;}\" data-widget_type=\"button.default\">\n\t\t\t\t<div class=\"elementor-widget-container\">\n\t\t\t\t\t\t\t\t\t<div class=\"elementor-button-wrapper\">\n\t\t\t\t\t<a class=\"elementor-button elementor-button-link elementor-size-sm\" href=\"https:\/\/www.onedoc.ch\/fr\/cabinets-de-sages-femmes\/gdiu\/dix-lunes\" target=\"_blank\" rel=\"noopener\">\n\t\t\t\t\t\t<span class=\"elementor-button-content-wrapper\">\n\t\t\t\t\t\t\t\t\t<span class=\"elementor-button-text\">Prendre rendez-vous<\/span>\n\t\t\t\t\t<\/span>\n\t\t\t\t\t<\/a>\n\t\t\t\t<\/div>\n\t\t\t\t\t\t\t\t<\/div>\n\t\t\t\t<\/div>\n\t\t\t\t\t<\/div>\n\t\t\t\t<\/div>\n\t\t\t\t<\/div>\n\t\t<div class=\"elementor-element elementor-element-6530f03 e-flex e-con-boxed e-con e-parent\" data-id=\"6530f03\" data-element_type=\"container\" data-e-type=\"container\" data-settings=\"{&quot;jet_parallax_layout_list&quot;:[]}\">\n\t\t\t\t\t<div class=\"e-con-inner\">\n\t\t\t\t\t<\/div>\n\t\t\t\t<\/div>\n\t\t\t\t<\/div>\n\t\t","protected":false},"excerpt":{"rendered":"<p>Radiofr\u00e9quence pour soulager les douleurs La radiofr\u00e9quence est une technologie de pointe non invasive destin\u00e9e \u00e0 soutenir la gu\u00e9rison et le bien-\u00eatre. Parfait pour traiter diverses conditions post-partum et gyn\u00e9cologiques, ce soin\u00a0permet d\u2019acc\u00e9l\u00e9rer les processus d&rsquo;auto-r\u00e9paration biologiques par l&rsquo;activation de la r\u00e9g\u00e9n\u00e9ration cellulaire.\u00a0 \u00a0 Prendre rendez-vous Fonctionnement et indications de la radiofr\u00e9quence La radiofr\u00e9quence utilise [&hellip;]<\/p>\n","protected":false},"author":1,"featured_media":0,"parent":0,"menu_order":0,"comment_status":"closed","ping_status":"closed","template":"","meta":{"footnotes":""},"class_list":["post-29574","page","type-page","status-publish","hentry"],"_links":{"self":[{"href":"https:\/\/dixlunes.ch\/en\/wp-json\/wp\/v2\/pages\/29574","targetHints":{"allow":["GET"]}}],"collection":[{"href":"https:\/\/dixlunes.ch\/en\/wp-json\/wp\/v2\/pages"}],"about":[{"href":"https:\/\/dixlunes.ch\/en\/wp-json\/wp\/v2\/types\/page"}],"author":[{"embeddable":true,"href":"https:\/\/dixlunes.ch\/en\/wp-json\/wp\/v2\/users\/1"}],"replies":[{"embeddable":true,"href":"https:\/\/dixlunes.ch\/en\/wp-json\/wp\/v2\/comments?post=29574"}],"version-history":[{"count":35,"href":"https:\/\/dixlunes.ch\/en\/wp-json\/wp\/v2\/pages\/29574\/revisions"}],"predecessor-version":[{"id":30758,"href":"https:\/\/dixlunes.ch\/en\/wp-json\/wp\/v2\/pages\/29574\/revisions\/30758"}],"wp:attachment":[{"href":"https:\/\/dixlunes.ch\/en\/wp-json\/wp\/v2\/media?parent=29574"}],"curies":[{"name":"wp","href":"https:\/\/api.w.org\/{rel}","templated":true}]}}