{"id":29589,"date":"2024-02-12T07:18:09","date_gmt":"2024-02-12T06:18:09","guid":{"rendered":"https:\/\/dixlunes.ch\/?page_id=29589"},"modified":"2025-05-08T19:16:37","modified_gmt":"2025-05-08T17:16:37","slug":"service-acupuncture","status":"publish","type":"page","link":"https:\/\/dixlunes.ch\/en\/service-acupuncture\/","title":{"rendered":"Service &#8211; Acupuncture"},"content":{"rendered":"\t\t<div data-elementor-type=\"wp-post\" data-elementor-id=\"29589\" class=\"elementor elementor-29589\" data-elementor-post-type=\"page\">\n\t\t\t\t<div class=\"elementor-element elementor-element-9b2a002 e-con-full e-flex e-con e-parent\" data-id=\"9b2a002\" data-element_type=\"container\" data-e-type=\"container\" data-settings=\"{&quot;jet_parallax_layout_list&quot;:[]}\">\n\t\t<div class=\"elementor-element elementor-element-022aad6 e-con-full e-flex e-con e-child\" data-id=\"022aad6\" data-element_type=\"container\" data-e-type=\"container\" data-settings=\"{&quot;jet_parallax_layout_list&quot;:[]}\">\n\t\t\t\t<div class=\"elementor-element elementor-element-9169ab3 animated-slow elementor-widget__width-initial elementor-widget-tablet__width-inherit elementor-headline--style-highlight elementor-invisible elementor-widget elementor-widget-animated-headline\" data-id=\"9169ab3\" data-element_type=\"widget\" data-e-type=\"widget\" data-settings=\"{&quot;marker&quot;:&quot;curly&quot;,&quot;highlighted_text&quot;:&quot;grace \\u00e0 l&#039;acupuncture&quot;,&quot;_animation&quot;:&quot;fadeIn&quot;,&quot;_animation_delay&quot;:300,&quot;headline_style&quot;:&quot;highlight&quot;,&quot;loop&quot;:&quot;yes&quot;,&quot;highlight_animation_duration&quot;:1200,&quot;highlight_iteration_delay&quot;:8000}\" data-widget_type=\"animated-headline.default\">\n\t\t\t\t<div class=\"elementor-widget-container\">\n\t\t\t\t\t\t\t<h1 class=\"elementor-headline\">\n\t\t\t\t\t<span class=\"elementor-headline-plain-text elementor-headline-text-wrapper\">Harmonisez le corps et l'esprit<\/span>\n\t\t\t\t<span class=\"elementor-headline-dynamic-wrapper elementor-headline-text-wrapper\">\n\t\t\t\t\t<span class=\"elementor-headline-dynamic-text elementor-headline-text-active\">grace \u00e0 l'acupuncture<\/span>\n\t\t\t\t<\/span>\n\t\t\t\t<\/h1>\n\t\t\t\t\t\t<\/div>\n\t\t\t\t<\/div>\n\t\t\t\t<div class=\"elementor-element elementor-element-d5350eb elementor-widget__width-initial animated-slow elementor-widget-tablet__width-inherit elementor-invisible elementor-widget elementor-widget-text-editor\" data-id=\"d5350eb\" data-element_type=\"widget\" data-e-type=\"widget\" data-settings=\"{&quot;_animation&quot;:&quot;fadeIn&quot;,&quot;_animation_delay&quot;:400}\" data-widget_type=\"text-editor.default\">\n\t\t\t\t<div class=\"elementor-widget-container\">\n\t\t\t\t\t\t\t\t\t<p>L&rsquo;acupuncture, pratique ancestrale reconnue pour ses bienfaits sur la sant\u00e9, est int\u00e9gr\u00e9e \u00e0 DixLunes pour accompagner les femmes \u00e0 chaque \u00e9tape de leur vie reproductive. De la gestion des douleurs menstruelles \u00e0 la pr\u00e9paration \u00e0 l&rsquo;accouchement, notre approche vise \u00e0 \u00e9quilibrer le corps et l&rsquo;esprit.<\/p>\t\t\t\t\t\t\t\t<\/div>\n\t\t\t\t<\/div>\n\t\t\t\t<div class=\"elementor-element elementor-element-b1d81c9 animated-slow elementor-invisible elementor-widget elementor-widget-button\" data-id=\"b1d81c9\" data-element_type=\"widget\" data-e-type=\"widget\" data-settings=\"{&quot;_animation&quot;:&quot;fadeIn&quot;}\" data-widget_type=\"button.default\">\n\t\t\t\t<div class=\"elementor-widget-container\">\n\t\t\t\t\t\t\t\t\t<div class=\"elementor-button-wrapper\">\n\t\t\t\t\t<a class=\"elementor-button elementor-button-link elementor-size-sm\" href=\"https:\/\/www.cphysio.ch\/agenda-rendez-vous\" target=\"_blank\" rel=\"noopener\">\n\t\t\t\t\t\t<span class=\"elementor-button-content-wrapper\">\n\t\t\t\t\t\t\t\t\t<span class=\"elementor-button-text\">Prendre rendez-vous<\/span>\n\t\t\t\t\t<\/span>\n\t\t\t\t\t<\/a>\n\t\t\t\t<\/div>\n\t\t\t\t\t\t\t\t<\/div>\n\t\t\t\t<\/div>\n\t\t\t\t<\/div>\n\t\t<div class=\"elementor-element elementor-element-db623e8 e-con-full animated-slow e-flex elementor-invisible e-con e-child\" data-id=\"db623e8\" data-element_type=\"container\" data-e-type=\"container\" data-settings=\"{&quot;background_background&quot;:&quot;classic&quot;,&quot;jet_parallax_layout_list&quot;:[],&quot;animation&quot;:&quot;fadeInRight&quot;}\">\n\t\t\t\t<\/div>\n\t\t\t\t<\/div>\n\t\t<div class=\"elementor-element elementor-element-9e701ae e-con-full e-flex e-con e-parent\" data-id=\"9e701ae\" data-element_type=\"container\" data-e-type=\"container\" data-settings=\"{&quot;jet_parallax_layout_list&quot;:[]}\">\n\t\t<div class=\"elementor-element elementor-element-62563df e-con-full e-flex e-con e-child\" data-id=\"62563df\" data-element_type=\"container\" data-e-type=\"container\" data-settings=\"{&quot;jet_parallax_layout_list&quot;:[]}\">\n\t\t\t\t<\/div>\n\t\t<div class=\"elementor-element elementor-element-711fe51 e-con-full e-flex e-con e-child\" data-id=\"711fe51\" data-element_type=\"container\" data-e-type=\"container\" data-settings=\"{&quot;jet_parallax_layout_list&quot;:[]}\">\n\t\t\t\t<div class=\"elementor-element elementor-element-c4d37af elementor-absolute animated-slow elementor-view-default elementor-invisible elementor-widget elementor-widget-icon\" data-id=\"c4d37af\" data-element_type=\"widget\" data-e-type=\"widget\" data-settings=\"{&quot;_position&quot;:&quot;absolute&quot;,&quot;motion_fx_motion_fx_scrolling&quot;:&quot;yes&quot;,&quot;motion_fx_translateY_effect&quot;:&quot;yes&quot;,&quot;motion_fx_translateY_speed&quot;:{&quot;unit&quot;:&quot;px&quot;,&quot;size&quot;:1,&quot;sizes&quot;:[]},&quot;motion_fx_scale_effect&quot;:&quot;yes&quot;,&quot;motion_fx_scale_speed&quot;:{&quot;unit&quot;:&quot;px&quot;,&quot;size&quot;:1,&quot;sizes&quot;:[]},&quot;_animation&quot;:&quot;fadeIn&quot;,&quot;motion_fx_translateY_affectedRange&quot;:{&quot;unit&quot;:&quot;%&quot;,&quot;size&quot;:&quot;&quot;,&quot;sizes&quot;:{&quot;start&quot;:0,&quot;end&quot;:100}},&quot;motion_fx_scale_direction&quot;:&quot;out-in&quot;,&quot;motion_fx_scale_range&quot;:{&quot;unit&quot;:&quot;%&quot;,&quot;size&quot;:&quot;&quot;,&quot;sizes&quot;:{&quot;start&quot;:20,&quot;end&quot;:80}},&quot;motion_fx_devices&quot;:[&quot;desktop&quot;,&quot;tablet&quot;,&quot;mobile&quot;]}\" data-widget_type=\"icon.default\">\n\t\t\t\t<div class=\"elementor-widget-container\">\n\t\t\t\t\t\t\t<div class=\"elementor-icon-wrapper\">\n\t\t\t<div class=\"elementor-icon\">\n\t\t\t<svg xmlns=\"http:\/\/www.w3.org\/2000\/svg\" id=\"Layer_1\" viewBox=\"0 0 75 72.5\"><defs><style>.cls-1{fill:#78aab4;}<\/style><\/defs><path class=\"cls-1\" d=\"M71.83,26.12c.67,2.17,3.97,13.69-2.44,25.07-5.63,10.02-15.09,13.38-20.8,15.42-4.68,1.67-9.67,3.44-15.43,1.94-4.08-1.07-4.25-2.66-12.24-6.55-7.3-3.55-8.16-2.99-10.96-5.34-5.05-4.22-6.63-10.05-7.27-12.37-2.44-8.96,.33-16.5,1.5-19.55,.98-2.56,4.05-10.27,12.06-15.8C25.9,2.27,36.28,3.23,42.25,3.77c4.79,.44,10.59,.97,16.7,4.91,8.73,5.63,11.9,14.24,12.88,17.43Z\"><\/path><\/svg>\t\t\t<\/div>\n\t\t<\/div>\n\t\t\t\t\t\t<\/div>\n\t\t\t\t<\/div>\n\t\t\t\t<\/div>\n\t\t\t\t<\/div>\n\t\t<div class=\"elementor-element elementor-element-33fe7bb e-con-full e-flex e-con e-parent\" data-id=\"33fe7bb\" data-element_type=\"container\" data-e-type=\"container\" data-settings=\"{&quot;background_background&quot;:&quot;classic&quot;,&quot;shape_divider_top&quot;:&quot;curve&quot;,&quot;shape_divider_top_negative&quot;:&quot;yes&quot;,&quot;jet_parallax_layout_list&quot;:[]}\">\n\t\t\t\t<div class=\"elementor-shape elementor-shape-top\" aria-hidden=\"true\" data-negative=\"true\">\n\t\t\t<svg xmlns=\"http:\/\/www.w3.org\/2000\/svg\" viewBox=\"0 0 1000 100\" preserveAspectRatio=\"none\">\n\t<path class=\"elementor-shape-fill\" d=\"M500,97C126.7,96.3,0.8,19.8,0,0v100l1000,0V1C1000,19.4,873.3,97.8,500,97z\"\/>\n<\/svg>\t\t<\/div>\n\t\t<div class=\"elementor-element elementor-element-37fb093 e-con-full e-flex e-con e-child\" data-id=\"37fb093\" data-element_type=\"container\" data-e-type=\"container\" data-settings=\"{&quot;jet_parallax_layout_list&quot;:[],&quot;background_background&quot;:&quot;classic&quot;}\">\n\t\t\t\t<\/div>\n\t\t<div class=\"elementor-element elementor-element-560608a e-con-full e-flex e-con e-child\" data-id=\"560608a\" data-element_type=\"container\" data-e-type=\"container\" data-settings=\"{&quot;jet_parallax_layout_list&quot;:[]}\">\n\t\t\t\t<div class=\"elementor-element elementor-element-9730cce animated-slow elementor-invisible elementor-widget elementor-widget-heading\" data-id=\"9730cce\" data-element_type=\"widget\" data-e-type=\"widget\" data-settings=\"{&quot;_animation&quot;:&quot;fadeIn&quot;,&quot;_animation_delay&quot;:300}\" data-widget_type=\"heading.default\">\n\t\t\t\t<div class=\"elementor-widget-container\">\n\t\t\t\t\t<h2 class=\"elementor-heading-title elementor-size-default\">Les bienfaits de l'acupuncture <\/h2>\t\t\t\t<\/div>\n\t\t\t\t<\/div>\n\t\t\t\t<div class=\"elementor-element elementor-element-7654142 elementor-icon-list--layout-traditional elementor-list-item-link-full_width elementor-widget elementor-widget-icon-list\" data-id=\"7654142\" data-element_type=\"widget\" data-e-type=\"widget\" data-widget_type=\"icon-list.default\">\n\t\t\t\t<div class=\"elementor-widget-container\">\n\t\t\t\t\t\t\t<ul class=\"elementor-icon-list-items\">\n\t\t\t\t\t\t\t<li class=\"elementor-icon-list-item\">\n\t\t\t\t\t\t\t\t\t\t\t<span class=\"elementor-icon-list-icon\">\n\t\t\t\t\t\t\t<svg xmlns=\"http:\/\/www.w3.org\/2000\/svg\" id=\"uuid-b49c8a1f-9157-430e-944a-37607031ed20\" viewBox=\"0 0 115 106.5\"><defs><style>.uuid-44d950b7-c690-446a-bcf9-de177ae89228{fill:#eee4dc;}<\/style><\/defs><path class=\"uuid-44d950b7-c690-446a-bcf9-de177ae89228\" d=\"M113.4,54.7c0,3.6-.3,22.4-15.1,36.6-13,12.5-28.8,13.2-38.3,13.7-7.8,.4-16.1,.8-24.1-4.1-5.6-3.5-5.2-5.9-15.4-15.4-9.3-8.7-10.9-8.2-14-13C.9,63.8,1.1,54.3,1.2,50.6c.4-14.6,8-24.6,11.1-28.7,2.6-3.4,10.8-13.6,25.3-18.3,17.5-5.6,32.7,.5,41.4,4.1,7,2.8,15.5,6.3,22.9,15,10.6,12.4,11.4,26.8,11.4,32.1Z\"><\/path><\/svg>\t\t\t\t\t\t<\/span>\n\t\t\t\t\t\t\t\t\t\t<span class=\"elementor-icon-list-text\">Soulagement des douleurs menstruelles :<\/span>\n\t\t\t\t\t\t\t\t\t<\/li>\n\t\t\t\t\t\t<\/ul>\n\t\t\t\t\t\t<\/div>\n\t\t\t\t<\/div>\n\t\t\t\t<div class=\"elementor-element elementor-element-08c4a01 elementor-invisible elementor-widget elementor-widget-text-editor\" data-id=\"08c4a01\" data-element_type=\"widget\" data-e-type=\"widget\" data-settings=\"{&quot;_animation&quot;:&quot;fadeIn&quot;,&quot;_animation_delay&quot;:400}\" data-widget_type=\"text-editor.default\">\n\t\t\t\t<div class=\"elementor-widget-container\">\n\t\t\t\t\t\t\t\t\t<p>Les d\u00e9sagr\u00e9ments des r\u00e8gles douloureuses et abondantes peuvent \u00eatre significativement r\u00e9duits gr\u00e2ce \u00e0 l&rsquo;acupuncture, offrant un soulagement naturel et une meilleure r\u00e9gulation hormonale.<\/p>\t\t\t\t\t\t\t\t<\/div>\n\t\t\t\t<\/div>\n\t\t\t\t<div class=\"elementor-element elementor-element-dc662eb elementor-icon-list--layout-traditional elementor-list-item-link-full_width elementor-widget elementor-widget-icon-list\" data-id=\"dc662eb\" data-element_type=\"widget\" data-e-type=\"widget\" data-widget_type=\"icon-list.default\">\n\t\t\t\t<div class=\"elementor-widget-container\">\n\t\t\t\t\t\t\t<ul class=\"elementor-icon-list-items\">\n\t\t\t\t\t\t\t<li class=\"elementor-icon-list-item\">\n\t\t\t\t\t\t\t\t\t\t\t<span class=\"elementor-icon-list-icon\">\n\t\t\t\t\t\t\t<svg xmlns=\"http:\/\/www.w3.org\/2000\/svg\" id=\"uuid-b49c8a1f-9157-430e-944a-37607031ed20\" viewBox=\"0 0 115 106.5\"><defs><style>.uuid-44d950b7-c690-446a-bcf9-de177ae89228{fill:#eee4dc;}<\/style><\/defs><path class=\"uuid-44d950b7-c690-446a-bcf9-de177ae89228\" d=\"M113.4,54.7c0,3.6-.3,22.4-15.1,36.6-13,12.5-28.8,13.2-38.3,13.7-7.8,.4-16.1,.8-24.1-4.1-5.6-3.5-5.2-5.9-15.4-15.4-9.3-8.7-10.9-8.2-14-13C.9,63.8,1.1,54.3,1.2,50.6c.4-14.6,8-24.6,11.1-28.7,2.6-3.4,10.8-13.6,25.3-18.3,17.5-5.6,32.7,.5,41.4,4.1,7,2.8,15.5,6.3,22.9,15,10.6,12.4,11.4,26.8,11.4,32.1Z\"><\/path><\/svg>\t\t\t\t\t\t<\/span>\n\t\t\t\t\t\t\t\t\t\t<span class=\"elementor-icon-list-text\">Bien-\u00eatre durant la grossesse<\/span>\n\t\t\t\t\t\t\t\t\t<\/li>\n\t\t\t\t\t\t<\/ul>\n\t\t\t\t\t\t<\/div>\n\t\t\t\t<\/div>\n\t\t\t\t<div class=\"elementor-element elementor-element-8b7141c elementor-invisible elementor-widget elementor-widget-text-editor\" data-id=\"8b7141c\" data-element_type=\"widget\" data-e-type=\"widget\" data-settings=\"{&quot;_animation&quot;:&quot;fadeIn&quot;,&quot;_animation_delay&quot;:400}\" data-widget_type=\"text-editor.default\">\n\t\t\t\t<div class=\"elementor-widget-container\">\n\t\t\t\t\t\t\t\t\t<p>Les premiers mois de grossesse peuvent s&rsquo;accompagner de naus\u00e9es, de fatigue, et d&rsquo;autres d\u00e9sagr\u00e9ments. L&rsquo;acupuncture offre une solution douce pour att\u00e9nuer ces sympt\u00f4mes, am\u00e9liorant votre confort au quotidien.<\/p>\t\t\t\t\t\t\t\t<\/div>\n\t\t\t\t<\/div>\n\t\t\t\t<div class=\"elementor-element elementor-element-91742f5 elementor-icon-list--layout-traditional elementor-list-item-link-full_width elementor-widget elementor-widget-icon-list\" data-id=\"91742f5\" data-element_type=\"widget\" data-e-type=\"widget\" data-widget_type=\"icon-list.default\">\n\t\t\t\t<div class=\"elementor-widget-container\">\n\t\t\t\t\t\t\t<ul class=\"elementor-icon-list-items\">\n\t\t\t\t\t\t\t<li class=\"elementor-icon-list-item\">\n\t\t\t\t\t\t\t\t\t\t\t<span class=\"elementor-icon-list-icon\">\n\t\t\t\t\t\t\t<svg xmlns=\"http:\/\/www.w3.org\/2000\/svg\" id=\"uuid-b49c8a1f-9157-430e-944a-37607031ed20\" viewBox=\"0 0 115 106.5\"><defs><style>.uuid-44d950b7-c690-446a-bcf9-de177ae89228{fill:#eee4dc;}<\/style><\/defs><path class=\"uuid-44d950b7-c690-446a-bcf9-de177ae89228\" d=\"M113.4,54.7c0,3.6-.3,22.4-15.1,36.6-13,12.5-28.8,13.2-38.3,13.7-7.8,.4-16.1,.8-24.1-4.1-5.6-3.5-5.2-5.9-15.4-15.4-9.3-8.7-10.9-8.2-14-13C.9,63.8,1.1,54.3,1.2,50.6c.4-14.6,8-24.6,11.1-28.7,2.6-3.4,10.8-13.6,25.3-18.3,17.5-5.6,32.7,.5,41.4,4.1,7,2.8,15.5,6.3,22.9,15,10.6,12.4,11.4,26.8,11.4,32.1Z\"><\/path><\/svg>\t\t\t\t\t\t<\/span>\n\t\t\t\t\t\t\t\t\t\t<span class=\"elementor-icon-list-text\">Pr\u00e9paration \u00e0 l'accouchement<\/span>\n\t\t\t\t\t\t\t\t\t<\/li>\n\t\t\t\t\t\t<\/ul>\n\t\t\t\t\t\t<\/div>\n\t\t\t\t<\/div>\n\t\t\t\t<div class=\"elementor-element elementor-element-4cc3f15 elementor-invisible elementor-widget elementor-widget-text-editor\" data-id=\"4cc3f15\" data-element_type=\"widget\" data-e-type=\"widget\" data-settings=\"{&quot;_animation&quot;:&quot;fadeIn&quot;,&quot;_animation_delay&quot;:400}\" data-widget_type=\"text-editor.default\">\n\t\t\t\t<div class=\"elementor-widget-container\">\n\t\t\t\t\t\t\t\t\t<p>L&rsquo;acupuncture peut \u00e9galement \u00eatre un pr\u00e9cieux alli\u00e9 pour la pr\u00e9paration de l&rsquo;accouchement, facilitant le positionnement du b\u00e9b\u00e9, aidant \u00e0 r\u00e9guler les contractions pour un processus plus harmonieux d&rsquo;enfantement.<\/p>\t\t\t\t\t\t\t\t<\/div>\n\t\t\t\t<\/div>\n\t\t\t\t<div class=\"elementor-element elementor-element-a856dd3 elementor-widget elementor-widget-button\" data-id=\"a856dd3\" data-element_type=\"widget\" data-e-type=\"widget\" data-widget_type=\"button.default\">\n\t\t\t\t<div class=\"elementor-widget-container\">\n\t\t\t\t\t\t\t\t\t<div class=\"elementor-button-wrapper\">\n\t\t\t\t\t<a class=\"elementor-button elementor-button-link elementor-size-sm\" href=\"https:\/\/dixlunes.ch\/en\/contact\/\">\n\t\t\t\t\t\t<span class=\"elementor-button-content-wrapper\">\n\t\t\t\t\t\t\t\t\t<span class=\"elementor-button-text\">Contacter une sage-femme<\/span>\n\t\t\t\t\t<\/span>\n\t\t\t\t\t<\/a>\n\t\t\t\t<\/div>\n\t\t\t\t\t\t\t\t<\/div>\n\t\t\t\t<\/div>\n\t\t\t\t<\/div>\n\t\t\t\t<\/div>\n\t\t<div class=\"elementor-element elementor-element-bef8fe9 e-con-full e-flex e-con e-parent\" data-id=\"bef8fe9\" data-element_type=\"container\" data-e-type=\"container\" data-settings=\"{&quot;jet_parallax_layout_list&quot;:[]}\">\n\t\t<div class=\"elementor-element elementor-element-ab6dfb3 e-flex e-con-boxed e-con e-child\" data-id=\"ab6dfb3\" data-element_type=\"container\" data-e-type=\"container\" data-settings=\"{&quot;background_background&quot;:&quot;classic&quot;,&quot;jet_parallax_layout_list&quot;:[]}\">\n\t\t\t\t\t<div class=\"e-con-inner\">\n\t\t\t\t<div class=\"elementor-element elementor-element-87b50cd elementor-absolute animated-slow elementor-hidden-mobile elementor-view-default elementor-invisible elementor-widget elementor-widget-icon\" data-id=\"87b50cd\" data-element_type=\"widget\" data-e-type=\"widget\" data-settings=\"{&quot;_position&quot;:&quot;absolute&quot;,&quot;motion_fx_motion_fx_scrolling&quot;:&quot;yes&quot;,&quot;motion_fx_translateY_effect&quot;:&quot;yes&quot;,&quot;motion_fx_translateY_speed&quot;:{&quot;unit&quot;:&quot;px&quot;,&quot;size&quot;:1,&quot;sizes&quot;:[]},&quot;motion_fx_scale_effect&quot;:&quot;yes&quot;,&quot;motion_fx_scale_speed&quot;:{&quot;unit&quot;:&quot;px&quot;,&quot;size&quot;:1,&quot;sizes&quot;:[]},&quot;_animation&quot;:&quot;fadeIn&quot;,&quot;motion_fx_translateY_affectedRange&quot;:{&quot;unit&quot;:&quot;%&quot;,&quot;size&quot;:&quot;&quot;,&quot;sizes&quot;:{&quot;start&quot;:0,&quot;end&quot;:100}},&quot;motion_fx_scale_direction&quot;:&quot;out-in&quot;,&quot;motion_fx_scale_range&quot;:{&quot;unit&quot;:&quot;%&quot;,&quot;size&quot;:&quot;&quot;,&quot;sizes&quot;:{&quot;start&quot;:20,&quot;end&quot;:80}},&quot;motion_fx_devices&quot;:[&quot;desktop&quot;,&quot;tablet&quot;,&quot;mobile&quot;]}\" data-widget_type=\"icon.default\">\n\t\t\t\t<div class=\"elementor-widget-container\">\n\t\t\t\t\t\t\t<div class=\"elementor-icon-wrapper\">\n\t\t\t<div class=\"elementor-icon\">\n\t\t\t<svg xmlns=\"http:\/\/www.w3.org\/2000\/svg\" id=\"Layer_1\" viewBox=\"0 0 75 72.5\"><defs><style>.cls-1{fill:#78aab4;}<\/style><\/defs><path class=\"cls-1\" d=\"M71.83,26.12c.67,2.17,3.97,13.69-2.44,25.07-5.63,10.02-15.09,13.38-20.8,15.42-4.68,1.67-9.67,3.44-15.43,1.94-4.08-1.07-4.25-2.66-12.24-6.55-7.3-3.55-8.16-2.99-10.96-5.34-5.05-4.22-6.63-10.05-7.27-12.37-2.44-8.96,.33-16.5,1.5-19.55,.98-2.56,4.05-10.27,12.06-15.8C25.9,2.27,36.28,3.23,42.25,3.77c4.79,.44,10.59,.97,16.7,4.91,8.73,5.63,11.9,14.24,12.88,17.43Z\"><\/path><\/svg>\t\t\t<\/div>\n\t\t<\/div>\n\t\t\t\t\t\t<\/div>\n\t\t\t\t<\/div>\n\t\t\t\t<div class=\"elementor-element elementor-element-9e0e8d9 elementor-absolute animated-slow elementor-hidden-mobile elementor-view-default elementor-invisible elementor-widget elementor-widget-icon\" data-id=\"9e0e8d9\" data-element_type=\"widget\" data-e-type=\"widget\" data-settings=\"{&quot;_position&quot;:&quot;absolute&quot;,&quot;motion_fx_motion_fx_scrolling&quot;:&quot;yes&quot;,&quot;motion_fx_translateY_effect&quot;:&quot;yes&quot;,&quot;motion_fx_translateY_direction&quot;:&quot;negative&quot;,&quot;motion_fx_translateY_speed&quot;:{&quot;unit&quot;:&quot;px&quot;,&quot;size&quot;:1,&quot;sizes&quot;:[]},&quot;motion_fx_scale_effect&quot;:&quot;yes&quot;,&quot;motion_fx_scale_direction&quot;:&quot;in-out&quot;,&quot;motion_fx_scale_speed&quot;:{&quot;unit&quot;:&quot;px&quot;,&quot;size&quot;:1,&quot;sizes&quot;:[]},&quot;_animation&quot;:&quot;fadeIn&quot;,&quot;motion_fx_translateY_affectedRange&quot;:{&quot;unit&quot;:&quot;%&quot;,&quot;size&quot;:&quot;&quot;,&quot;sizes&quot;:{&quot;start&quot;:0,&quot;end&quot;:100}},&quot;motion_fx_scale_range&quot;:{&quot;unit&quot;:&quot;%&quot;,&quot;size&quot;:&quot;&quot;,&quot;sizes&quot;:{&quot;start&quot;:20,&quot;end&quot;:80}},&quot;motion_fx_devices&quot;:[&quot;desktop&quot;,&quot;tablet&quot;,&quot;mobile&quot;]}\" data-widget_type=\"icon.default\">\n\t\t\t\t<div class=\"elementor-widget-container\">\n\t\t\t\t\t\t\t<div class=\"elementor-icon-wrapper\">\n\t\t\t<div class=\"elementor-icon\">\n\t\t\t<svg xmlns=\"http:\/\/www.w3.org\/2000\/svg\" id=\"Layer_1\" viewBox=\"0 0 75 72.5\"><defs><style>.cls-1{fill:#78aab4;}<\/style><\/defs><path class=\"cls-1\" d=\"M71.83,26.12c.67,2.17,3.97,13.69-2.44,25.07-5.63,10.02-15.09,13.38-20.8,15.42-4.68,1.67-9.67,3.44-15.43,1.94-4.08-1.07-4.25-2.66-12.24-6.55-7.3-3.55-8.16-2.99-10.96-5.34-5.05-4.22-6.63-10.05-7.27-12.37-2.44-8.96,.33-16.5,1.5-19.55,.98-2.56,4.05-10.27,12.06-15.8C25.9,2.27,36.28,3.23,42.25,3.77c4.79,.44,10.59,.97,16.7,4.91,8.73,5.63,11.9,14.24,12.88,17.43Z\"><\/path><\/svg>\t\t\t<\/div>\n\t\t<\/div>\n\t\t\t\t\t\t<\/div>\n\t\t\t\t<\/div>\n\t\t\t\t<div class=\"elementor-element elementor-element-4fb6d1e animated-slow elementor-widget__width-initial elementor-widget-tablet__width-inherit elementor-invisible elementor-widget elementor-widget-heading\" data-id=\"4fb6d1e\" data-element_type=\"widget\" data-e-type=\"widget\" data-settings=\"{&quot;_animation&quot;:&quot;fadeIn&quot;,&quot;_animation_delay&quot;:300}\" data-widget_type=\"heading.default\">\n\t\t\t\t<div class=\"elementor-widget-container\">\n\t\t\t\t\t<h2 class=\"elementor-heading-title elementor-size-default\">R\u00e9servez une s\u00e9ance d'acupuncture !<\/h2>\t\t\t\t<\/div>\n\t\t\t\t<\/div>\n\t\t\t\t<div class=\"elementor-element elementor-element-21b995a elementor-align-center elementor-widget elementor-widget-button\" data-id=\"21b995a\" data-element_type=\"widget\" data-e-type=\"widget\" data-widget_type=\"button.default\">\n\t\t\t\t<div class=\"elementor-widget-container\">\n\t\t\t\t\t\t\t\t\t<div class=\"elementor-button-wrapper\">\n\t\t\t\t\t<a class=\"elementor-button elementor-button-link elementor-size-sm\" href=\"https:\/\/www.cphysio.ch\/agenda-rendez-vous\" target=\"_blank\" rel=\"noopener\">\n\t\t\t\t\t\t<span class=\"elementor-button-content-wrapper\">\n\t\t\t\t\t\t\t\t\t<span class=\"elementor-button-text\">Je prends rendez-vous<\/span>\n\t\t\t\t\t<\/span>\n\t\t\t\t\t<\/a>\n\t\t\t\t<\/div>\n\t\t\t\t\t\t\t\t<\/div>\n\t\t\t\t<\/div>\n\t\t\t\t\t<\/div>\n\t\t\t\t<\/div>\n\t\t\t\t<\/div>\n\t\t<div class=\"elementor-element elementor-element-6530f03 e-flex e-con-boxed e-con e-parent\" data-id=\"6530f03\" data-element_type=\"container\" data-e-type=\"container\" data-settings=\"{&quot;jet_parallax_layout_list&quot;:[]}\">\n\t\t\t\t\t<div class=\"e-con-inner\">\n\t\t\t\t\t<\/div>\n\t\t\t\t<\/div>\n\t\t\t\t<\/div>\n\t\t","protected":false},"excerpt":{"rendered":"<p>Harmonisez le corps et l&rsquo;esprit grace \u00e0 l&rsquo;acupuncture L&rsquo;acupuncture, pratique ancestrale reconnue pour ses bienfaits sur la sant\u00e9, est int\u00e9gr\u00e9e \u00e0 DixLunes pour accompagner les femmes \u00e0 chaque \u00e9tape de leur vie reproductive. De la gestion des douleurs menstruelles \u00e0 la pr\u00e9paration \u00e0 l&rsquo;accouchement, notre approche vise \u00e0 \u00e9quilibrer le corps et l&rsquo;esprit. Prendre rendez-vous [&hellip;]<\/p>\n","protected":false},"author":1,"featured_media":0,"parent":0,"menu_order":0,"comment_status":"closed","ping_status":"closed","template":"","meta":{"footnotes":""},"class_list":["post-29589","page","type-page","status-publish","hentry"],"_links":{"self":[{"href":"https:\/\/dixlunes.ch\/en\/wp-json\/wp\/v2\/pages\/29589","targetHints":{"allow":["GET"]}}],"collection":[{"href":"https:\/\/dixlunes.ch\/en\/wp-json\/wp\/v2\/pages"}],"about":[{"href":"https:\/\/dixlunes.ch\/en\/wp-json\/wp\/v2\/types\/page"}],"author":[{"embeddable":true,"href":"https:\/\/dixlunes.ch\/en\/wp-json\/wp\/v2\/users\/1"}],"replies":[{"embeddable":true,"href":"https:\/\/dixlunes.ch\/en\/wp-json\/wp\/v2\/comments?post=29589"}],"version-history":[{"count":28,"href":"https:\/\/dixlunes.ch\/en\/wp-json\/wp\/v2\/pages\/29589\/revisions"}],"predecessor-version":[{"id":30481,"href":"https:\/\/dixlunes.ch\/en\/wp-json\/wp\/v2\/pages\/29589\/revisions\/30481"}],"wp:attachment":[{"href":"https:\/\/dixlunes.ch\/en\/wp-json\/wp\/v2\/media?parent=29589"}],"curies":[{"name":"wp","href":"https:\/\/api.w.org\/{rel}","templated":true}]}}